{"id":836,"date":"2023-05-29T17:04:16","date_gmt":"2023-05-29T20:04:16","guid":{"rendered":"https:\/\/lojaredeservicos.com.br\/?post_type=product&#038;p=836"},"modified":"2026-01-14T11:41:15","modified_gmt":"2026-01-14T14:41:15","slug":"cartucho-de-manutencao-gx","status":"publish","type":"product","link":"https:\/\/lojaredeservicos.com.br\/index.php\/produto\/cartucho-de-manutencao-gx\/","title":{"rendered":"CARTUCHO DE MANUTEN\u00c7\u00c3O MC-G01 GX5010GX6010 GX7010"},"content":{"rendered":"<p><img decoding=\"async\" class=\"alignnone size-medium wp-image-839\" src=\"https:\/\/lojaredeservicos.com.br\/wp-content\/uploads\/2023\/05\/CARTUCHO-GX-I-300x183.png\" alt=\"\" width=\"300\" height=\"183\" srcset=\"https:\/\/lojaredeservicos.com.br\/wp-content\/uploads\/2023\/05\/CARTUCHO-GX-I-300x183.png 300w, https:\/\/lojaredeservicos.com.br\/wp-content\/uploads\/2023\/05\/CARTUCHO-GX-I-600x366.png 600w, https:\/\/lojaredeservicos.com.br\/wp-content\/uploads\/2023\/05\/CARTUCHO-GX-I.png 667w\" sizes=\"(max-width: 300px) 100vw, 300px\" \/><\/p>\n<p>Cartucho de Manuten\u00e7\u00e3o MC-G01<\/p>\n<p>PRINCIPAIS CARACTER\u00cdSTICAS<br \/>\n\u2022 Novo cartucho absorvente de tinta.<br \/>\n\u2022 Substitu\u00edvel pelo usu\u00e1rio, sem necessidade de aux\u00edlio t\u00e9cnico.<br \/>\n\u2022 Produto novo e original<\/p>\n<p>Destinado para uso em:<br \/>\nMaxify GX6010<br \/>\nMaxify Gx7010<br \/>\nMaxify GX6020<br \/>\nMaxify GX7020<br \/>\nMaxify GX6030<br \/>\nMaxify GX7030<br \/>\nMaxify GX6040<br \/>\nMaxify GX7040<br \/>\nMaxify GX6050<br \/>\nMaxify GX7050<br \/>\nMaxify GX6060<br \/>\nMaxify GX7060<br \/>\nMaxify GX6070<br \/>\nMaxify GX7070<br \/>\nMaxify GX6080<br \/>\nMaxify GX7080<br \/>\nMaxify Gx7090<br \/>\nMaxify GX7091<br \/>\nMaxify GX7092<\/p>\n<p>Conte\u00fado da embalagem:<br \/>\n01x Cartucho de Manuten\u00e7\u00e3o MC-G01<\/p>\n<p>C\u00f3digo da pe\u00e7a: 4628C001AA<\/p>\n<p>Produto original com nota fiscal.<\/p>\n","protected":false},"excerpt":{"rendered":"<p>GARANTIA DE 2 MESES EM CASO DE DEFEITOS DE F\u00c1BRICA. A GARANTIA N\u00c3O SER\u00c1 VIABILIZADA EM CASO DE EXCESSOS E\/OU MAU USO DO PRODUTO.<\/p>\n","protected":false},"featured_media":842,"comment_status":"closed","ping_status":"closed","template":"","meta":{"ocean_post_layout":"","ocean_both_sidebars_style":"","ocean_both_sidebars_content_width":0,"ocean_both_sidebars_sidebars_width":0,"ocean_sidebar":"0","ocean_second_sidebar":"0","ocean_disable_margins":"enable","ocean_add_body_class":"","ocean_shortcode_before_top_bar":"","ocean_shortcode_after_top_bar":"","ocean_shortcode_before_header":"","ocean_shortcode_after_header":"","ocean_has_shortcode":"","ocean_shortcode_after_title":"","ocean_shortcode_before_footer_widgets":"","ocean_shortcode_after_footer_widgets":"","ocean_shortcode_before_footer_bottom":"","ocean_shortcode_after_footer_bottom":"","ocean_display_top_bar":"default","ocean_display_header":"default","ocean_header_style":"","ocean_center_header_left_menu":"0","ocean_custom_header_template":"0","ocean_custom_logo":0,"ocean_custom_retina_logo":0,"ocean_custom_logo_max_width":0,"ocean_custom_logo_tablet_max_width":0,"ocean_custom_logo_mobile_max_width":0,"ocean_custom_logo_max_height":0,"ocean_custom_logo_tablet_max_height":0,"ocean_custom_logo_mobile_max_height":0,"ocean_header_custom_menu":"0","ocean_menu_typo_font_family":"0","ocean_menu_typo_font_subset":"","ocean_menu_typo_font_size":0,"ocean_menu_typo_font_size_tablet":0,"ocean_menu_typo_font_size_mobile":0,"ocean_menu_typo_font_size_unit":"px","ocean_menu_typo_font_weight":"","ocean_menu_typo_font_weight_tablet":"","ocean_menu_typo_font_weight_mobile":"","ocean_menu_typo_transform":"","ocean_menu_typo_transform_tablet":"","ocean_menu_typo_transform_mobile":"","ocean_menu_typo_line_height":0,"ocean_menu_typo_line_height_tablet":0,"ocean_menu_typo_line_height_mobile":0,"ocean_menu_typo_line_height_unit":"","ocean_menu_typo_spacing":0,"ocean_menu_typo_spacing_tablet":0,"ocean_menu_typo_spacing_mobile":0,"ocean_menu_typo_spacing_unit":"","ocean_menu_link_color":"","ocean_menu_link_color_hover":"","ocean_menu_link_color_active":"","ocean_menu_link_background":"","ocean_menu_link_hover_background":"","ocean_menu_link_active_background":"","ocean_menu_social_links_bg":"","ocean_menu_social_hover_links_bg":"","ocean_menu_social_links_color":"","ocean_menu_social_hover_links_color":"","ocean_disable_title":"default","ocean_disable_heading":"default","ocean_post_title":"","ocean_post_subheading":"","ocean_post_title_style":"","ocean_post_title_background_color":"","ocean_post_title_background":0,"ocean_post_title_bg_image_position":"","ocean_post_title_bg_image_attachment":"","ocean_post_title_bg_image_repeat":"","ocean_post_title_bg_image_size":"","ocean_post_title_height":0,"ocean_post_title_bg_overlay":0.5,"ocean_post_title_bg_overlay_color":"","ocean_disable_breadcrumbs":"default","ocean_breadcrumbs_color":"","ocean_breadcrumbs_separator_color":"","ocean_breadcrumbs_links_color":"","ocean_breadcrumbs_links_hover_color":"","ocean_display_footer_widgets":"default","ocean_display_footer_bottom":"default","ocean_custom_footer_template":"0"},"product_brand":[],"product_cat":[21],"product_tag":[36,35,33,37,38],"class_list":{"0":"post-836","1":"product","2":"type-product","3":"status-publish","4":"has-post-thumbnail","6":"product_cat-consumiveis-canon","7":"product_tag-cartucho-de-manuetncao-gx","8":"product_tag-cartucho-de-manutencao","9":"product_tag-gx","10":"product_tag-gx6010","11":"product_tag-gx7010","12":"product_shipping_class-entrega-rede","14":"entry","15":"has-media","17":"first","18":"instock","19":"shipping-taxable","20":"purchasable","21":"product-type-simple","22":"has-product-nav","23":"col","24":"span_1_of_5","25":"owp-content-center","26":"owp-thumbs-layout-horizontal","27":"owp-btn-normal","28":"owp-tabs-layout-horizontal","30":"circle-sale"},"_links":{"self":[{"href":"https:\/\/lojaredeservicos.com.br\/index.php\/wp-json\/wp\/v2\/product\/836","targetHints":{"allow":["GET"]}}],"collection":[{"href":"https:\/\/lojaredeservicos.com.br\/index.php\/wp-json\/wp\/v2\/product"}],"about":[{"href":"https:\/\/lojaredeservicos.com.br\/index.php\/wp-json\/wp\/v2\/types\/product"}],"replies":[{"embeddable":true,"href":"https:\/\/lojaredeservicos.com.br\/index.php\/wp-json\/wp\/v2\/comments?post=836"}],"wp:featuredmedia":[{"embeddable":true,"href":"https:\/\/lojaredeservicos.com.br\/index.php\/wp-json\/wp\/v2\/media\/842"}],"wp:attachment":[{"href":"https:\/\/lojaredeservicos.com.br\/index.php\/wp-json\/wp\/v2\/media?parent=836"}],"wp:term":[{"taxonomy":"product_brand","embeddable":true,"href":"https:\/\/lojaredeservicos.com.br\/index.php\/wp-json\/wp\/v2\/product_brand?post=836"},{"taxonomy":"product_cat","embeddable":true,"href":"https:\/\/lojaredeservicos.com.br\/index.php\/wp-json\/wp\/v2\/product_cat?post=836"},{"taxonomy":"product_tag","embeddable":true,"href":"https:\/\/lojaredeservicos.com.br\/index.php\/wp-json\/wp\/v2\/product_tag?post=836"}],"curies":[{"name":"wp","href":"https:\/\/api.w.org\/{rel}","templated":true}]}}