{"id":793,"date":"2023-05-04T16:13:08","date_gmt":"2023-05-04T19:13:08","guid":{"rendered":"https:\/\/lojaredeservicos.com.br\/?post_type=product&#038;p=793"},"modified":"2025-09-05T09:47:05","modified_gmt":"2025-09-05T12:47:05","slug":"kit-de-tintas-original-canon-gx6010-gx7010","status":"publish","type":"product","link":"https:\/\/lojaredeservicos.com.br\/index.php\/produto\/kit-de-tintas-original-canon-gx6010-gx7010\/","title":{"rendered":"KIT DE TINTAS ORIGINAL CANONGX6010 GX7010"},"content":{"rendered":"<p><span class=\"sc-kDvujY kknhWA\" data-testid=\"product-detail-title\">Kit de Com 4 Tintas Original Canon Gi-16 Gi16 Compat\u00edvel com Maxify Gx6010 Gx7010<\/span><\/p>\n<div class=\"sc-hLBbgP eodrha sc-gqgnwQ dQhViH\" data-testid=\"product-detail-description\">\n<div class=\"sc-hLBbgP gcxrmT sc-dOrDzm bHDkXD\" data-testid=\"rich-content-container\">\n<p>O Kit acompanha 4 garrafas de tinta pigmentada para Canon Maxify GX-6010, GX7010, refis originais lacrados de f\u00e1brica.<\/p>\n<p>O KIT \u00c9 COMPOSTO POR:<\/p>\n<p>GI-16 BK Garrafa Tinta Pigmento Preta 4408C001AA (170 ml)<br \/>\nGI-16 C Garrafa Tinta Pigmento ciano 4418C001AA (135 ml)<br \/>\nGI-16 M Garrafa Tinta Pigmento magenta 4419C001AA (135 ml)<br \/>\nGI-16 Y Garrafa Tinta Pigmento amarela 4420C001AA (135 ml)<\/p>\n<p>PRINCIPAIS CARACTER\u00cdSTICAS<\/p>\n<p>&#8211; Tinta cor PRETA com formula\u00e7\u00e3o especial de tinta pigmento para a obten\u00e7\u00e3o de cores mais n\u00edtidas, capacidade 170 ml, compat\u00edvel com impressoras GX6010 e GX7010.<\/p>\n<p>&#8211; O rendimento da garrafa \u00e9 de at\u00e9 9.000 p\u00e1ginas em modo econ\u00f4mico. Economize no custo operacional total em todas as impress\u00f5es.<\/p>\n<p>&#8211; Tinta cor AZUL\/MAGENTA\/AMARELA com formula\u00e7\u00e3o especial de tinta pigmento para a obten\u00e7\u00e3o de cores mais n\u00edtidas, capacidade 135 ml, compat\u00edvel com impressoras GX6010 e GX7010.<\/p>\n<p>&#8211; O rendimento das tr\u00eas garrafas de tinta colorida em conjunto \u00e9 de at\u00e9 21.000 p\u00e1ginas em modo econ\u00f4mico. Economize no custo operacional total em todas as impress\u00f5es.<\/p>\n<p>&#8211; O design inteligente do frasco de tinta permite ao usu\u00e1rio uma experi\u00eancia mais f\u00e1cil de uso que minimiza potenciais derrames, vazamentos e manchas.<\/p>\n<p>&#8211; O rendimento de impress\u00e3o da garrafa de tinta inclusa e usada na configura\u00e7\u00e3o inicial \u00e9 menor do que a da garrafa de reposi\u00e7\u00e3o, j\u00e1 que certa quantidade de tinta \u00e9 consumida para abastecer a cabe\u00e7a de impress\u00e3o durante a configura\u00e7\u00e3o inicial. O rendimento de impress\u00e3o \u00e9 um valor estimado com base no m\u00e9todo de ensaio individual Canon, usando o gr\u00e1fico ISO\/ IEC 24712, que simula a impress\u00e3o cont\u00ednua com a garrafa de reposi\u00e7\u00e3o at\u00e9 o esgotamento da tinta, ap\u00f3s a configura\u00e7\u00e3o inicial. O rendimento de p\u00e1ginas varia significativamente dependendo do conte\u00fado impresso, do n\u00edvel de tinta mantido no reservat\u00f3rio e de outros fatores. Para saber mais sobre o rendimento das garrafas Canon.<\/p>\n<\/div>\n<\/div>\n","protected":false},"excerpt":{"rendered":"<p>Kit de Com 4 Tintas Original Canon Gi-16 Gi16 Compat\u00edvel com Maxify Gx6010 Gx7010 O Kit acompanha 4 garrafas de tinta pigmentada para Canon Maxify GX-6010, GX7010, refis originais lacrados de f\u00e1brica. O KIT \u00c9 COMPOSTO POR: GI-16 BK Garrafa Tinta Pigmento Preta 4408C001AA (170 ml) GI-16 C Garrafa Tinta Pigmento ciano 4418C001AA (135 ml) [&hellip;]<\/p>\n","protected":false},"featured_media":799,"comment_status":"open","ping_status":"closed","template":"","meta":{"ocean_post_layout":"","ocean_both_sidebars_style":"","ocean_both_sidebars_content_width":0,"ocean_both_sidebars_sidebars_width":0,"ocean_sidebar":"0","ocean_second_sidebar":"0","ocean_disable_margins":"enable","ocean_add_body_class":"","ocean_shortcode_before_top_bar":"","ocean_shortcode_after_top_bar":"","ocean_shortcode_before_header":"","ocean_shortcode_after_header":"","ocean_has_shortcode":"","ocean_shortcode_after_title":"","ocean_shortcode_before_footer_widgets":"","ocean_shortcode_after_footer_widgets":"","ocean_shortcode_before_footer_bottom":"","ocean_shortcode_after_footer_bottom":"","ocean_display_top_bar":"default","ocean_display_header":"default","ocean_header_style":"","ocean_center_header_left_menu":"0","ocean_custom_header_template":"0","ocean_custom_logo":0,"ocean_custom_retina_logo":0,"ocean_custom_logo_max_width":0,"ocean_custom_logo_tablet_max_width":0,"ocean_custom_logo_mobile_max_width":0,"ocean_custom_logo_max_height":0,"ocean_custom_logo_tablet_max_height":0,"ocean_custom_logo_mobile_max_height":0,"ocean_header_custom_menu":"0","ocean_menu_typo_font_family":"0","ocean_menu_typo_font_subset":"","ocean_menu_typo_font_size":0,"ocean_menu_typo_font_size_tablet":0,"ocean_menu_typo_font_size_mobile":0,"ocean_menu_typo_font_size_unit":"px","ocean_menu_typo_font_weight":"","ocean_menu_typo_font_weight_tablet":"","ocean_menu_typo_font_weight_mobile":"","ocean_menu_typo_transform":"","ocean_menu_typo_transform_tablet":"","ocean_menu_typo_transform_mobile":"","ocean_menu_typo_line_height":0,"ocean_menu_typo_line_height_tablet":0,"ocean_menu_typo_line_height_mobile":0,"ocean_menu_typo_line_height_unit":"","ocean_menu_typo_spacing":0,"ocean_menu_typo_spacing_tablet":0,"ocean_menu_typo_spacing_mobile":0,"ocean_menu_typo_spacing_unit":"","ocean_menu_link_color":"","ocean_menu_link_color_hover":"","ocean_menu_link_color_active":"","ocean_menu_link_background":"","ocean_menu_link_hover_background":"","ocean_menu_link_active_background":"","ocean_menu_social_links_bg":"","ocean_menu_social_hover_links_bg":"","ocean_menu_social_links_color":"","ocean_menu_social_hover_links_color":"","ocean_disable_title":"default","ocean_disable_heading":"default","ocean_post_title":"","ocean_post_subheading":"","ocean_post_title_style":"","ocean_post_title_background_color":"","ocean_post_title_background":0,"ocean_post_title_bg_image_position":"","ocean_post_title_bg_image_attachment":"","ocean_post_title_bg_image_repeat":"","ocean_post_title_bg_image_size":"","ocean_post_title_height":0,"ocean_post_title_bg_overlay":0.5,"ocean_post_title_bg_overlay_color":"","ocean_disable_breadcrumbs":"default","ocean_breadcrumbs_color":"","ocean_breadcrumbs_separator_color":"","ocean_breadcrumbs_links_color":"","ocean_breadcrumbs_links_hover_color":"","ocean_display_footer_widgets":"default","ocean_display_footer_bottom":"default","ocean_custom_footer_template":"0"},"product_brand":[],"product_cat":[21],"product_tag":[33,34,32],"class_list":{"0":"post-793","1":"product","2":"type-product","3":"status-publish","4":"has-post-thumbnail","6":"product_cat-consumiveis-canon","7":"product_tag-gx","8":"product_tag-maxify-gx","9":"product_tag-tintas-gx","11":"entry","12":"has-media","14":"first","15":"outofstock","16":"sold-individually","17":"shipping-taxable","18":"purchasable","19":"product-type-simple","20":"has-product-nav","21":"col","22":"span_1_of_5","23":"owp-content-center","24":"owp-thumbs-layout-horizontal","25":"owp-btn-normal","26":"owp-tabs-layout-horizontal","27":"has-no-thumbnails","29":"circle-sale"},"_links":{"self":[{"href":"https:\/\/lojaredeservicos.com.br\/index.php\/wp-json\/wp\/v2\/product\/793","targetHints":{"allow":["GET"]}}],"collection":[{"href":"https:\/\/lojaredeservicos.com.br\/index.php\/wp-json\/wp\/v2\/product"}],"about":[{"href":"https:\/\/lojaredeservicos.com.br\/index.php\/wp-json\/wp\/v2\/types\/product"}],"replies":[{"embeddable":true,"href":"https:\/\/lojaredeservicos.com.br\/index.php\/wp-json\/wp\/v2\/comments?post=793"}],"wp:featuredmedia":[{"embeddable":true,"href":"https:\/\/lojaredeservicos.com.br\/index.php\/wp-json\/wp\/v2\/media\/799"}],"wp:attachment":[{"href":"https:\/\/lojaredeservicos.com.br\/index.php\/wp-json\/wp\/v2\/media?parent=793"}],"wp:term":[{"taxonomy":"product_brand","embeddable":true,"href":"https:\/\/lojaredeservicos.com.br\/index.php\/wp-json\/wp\/v2\/product_brand?post=793"},{"taxonomy":"product_cat","embeddable":true,"href":"https:\/\/lojaredeservicos.com.br\/index.php\/wp-json\/wp\/v2\/product_cat?post=793"},{"taxonomy":"product_tag","embeddable":true,"href":"https:\/\/lojaredeservicos.com.br\/index.php\/wp-json\/wp\/v2\/product_tag?post=793"}],"curies":[{"name":"wp","href":"https:\/\/api.w.org\/{rel}","templated":true}]}}