{"id":707,"date":"2023-03-10T11:03:18","date_gmt":"2023-03-10T14:03:18","guid":{"rendered":"https:\/\/lojaredeservicos.com.br\/?post_type=product&#038;p=707"},"modified":"2023-12-14T10:41:10","modified_gmt":"2023-12-14T13:41:10","slug":"cabeca-de-impressao-maxify-gx5010-gx6010-gx7010","status":"publish","type":"product","link":"https:\/\/lojaredeservicos.com.br\/index.php\/produto\/cabeca-de-impressao-maxify-gx5010-gx6010-gx7010\/","title":{"rendered":"CABE\u00c7A DE IMPRESS\u00c3OMAXIFY GX5010GX6010 GX7010"},"content":{"rendered":"<p>CABE\u00c7A DE IMPRESS\u00c3O CANON MAXIFY GX6010\/GX7010 ORIGINAL<\/p>\n<p>P\/N: QY6-0091-010<\/p>\n<p>Produto destinado para uso em:<br \/>\nCANON MAXIFY GX 6010<br \/>\nCANON MAXIFY GX 6050<br \/>\nCANON MAXIFY GX 6090<br \/>\nCANON MAXIFY GX 6092<br \/>\nCANON MAXIFY GX 7010<br \/>\nCANON MAXIFY GX 7050<br \/>\nCANON MAXIFY GX 7090<br \/>\nCANON MAXIFY GX 7092<\/p>\n<p>Produto Original, lacrado e novo.<\/p>\n<p>Refer\u00eancia do fabricante:<br \/>\nCanon QY6-0091, QY6-0091-010<\/p>\n<p>Produto dispon\u00edvel para envio imediato. Original, lacrado e com nota fiscal.<\/p>\n<p>*Somente deve ser substitu\u00eddo por pessoal de servi\u00e7o treinado<\/p>\n<p>COMPRE COM CONFIAN\u00c7A<br \/>\nOferecemos uma ampla variedade de produtos que voc\u00ea certamente encontrar\u00e1 as pe\u00e7as certas para seu equipamento. Temos muitos anos de experi\u00eancia no neg\u00f3cio xerogr\u00e1fico. Vendemos pe\u00e7as de todos os outros consum\u00edveis que voc\u00ea pode precisar com atendimento profissional.<\/p>\n<p>Marcas e modelos citados apenas como refer\u00eancia t\u00e9cnica para utiliza\u00e7\u00e3o correta dos nossos produtos. Conforme artigo 31 da Lei: 8078 de 11.09.1990.<br \/>\nPeso do produto inclui embalagem.<br \/>\nImagem ilustrativa utilizada para identifica\u00e7\u00e3o e demonstra\u00e7\u00e3o de produto.<\/p>\n","protected":false},"excerpt":{"rendered":"<p>CABE\u00c7A DE IMPRESS\u00c3O CANON MAXIFY GX6010\/GX7010 ORIGINAL P\/N: QY6-0091-010 Produto destinado para uso em: CANON MAXIFY GX 6010 CANON MAXIFY GX 6050 CANON MAXIFY GX 6090 CANON MAXIFY GX 6092 CANON MAXIFY GX 7010 CANON MAXIFY GX 7050 CANON MAXIFY GX 7090 CANON MAXIFY GX 7092 Produto Original, lacrado e novo. Refer\u00eancia do fabricante: Canon [&hellip;]<\/p>\n","protected":false},"featured_media":711,"comment_status":"closed","ping_status":"closed","template":"","meta":{"ocean_post_layout":"","ocean_both_sidebars_style":"","ocean_both_sidebars_content_width":0,"ocean_both_sidebars_sidebars_width":0,"ocean_sidebar":"0","ocean_second_sidebar":"0","ocean_disable_margins":"enable","ocean_add_body_class":"","ocean_shortcode_before_top_bar":"","ocean_shortcode_after_top_bar":"","ocean_shortcode_before_header":"","ocean_shortcode_after_header":"","ocean_has_shortcode":"","ocean_shortcode_after_title":"","ocean_shortcode_before_footer_widgets":"","ocean_shortcode_after_footer_widgets":"","ocean_shortcode_before_footer_bottom":"","ocean_shortcode_after_footer_bottom":"","ocean_display_top_bar":"default","ocean_display_header":"default","ocean_header_style":"","ocean_center_header_left_menu":"0","ocean_custom_header_template":"0","ocean_custom_logo":0,"ocean_custom_retina_logo":0,"ocean_custom_logo_max_width":0,"ocean_custom_logo_tablet_max_width":0,"ocean_custom_logo_mobile_max_width":0,"ocean_custom_logo_max_height":0,"ocean_custom_logo_tablet_max_height":0,"ocean_custom_logo_mobile_max_height":0,"ocean_header_custom_menu":"0","ocean_menu_typo_font_family":"0","ocean_menu_typo_font_subset":"","ocean_menu_typo_font_size":0,"ocean_menu_typo_font_size_tablet":0,"ocean_menu_typo_font_size_mobile":0,"ocean_menu_typo_font_size_unit":"px","ocean_menu_typo_font_weight":"","ocean_menu_typo_font_weight_tablet":"","ocean_menu_typo_font_weight_mobile":"","ocean_menu_typo_transform":"","ocean_menu_typo_transform_tablet":"","ocean_menu_typo_transform_mobile":"","ocean_menu_typo_line_height":0,"ocean_menu_typo_line_height_tablet":0,"ocean_menu_typo_line_height_mobile":0,"ocean_menu_typo_line_height_unit":"","ocean_menu_typo_spacing":0,"ocean_menu_typo_spacing_tablet":0,"ocean_menu_typo_spacing_mobile":0,"ocean_menu_typo_spacing_unit":"","ocean_menu_link_color":"","ocean_menu_link_color_hover":"","ocean_menu_link_color_active":"","ocean_menu_link_background":"","ocean_menu_link_hover_background":"","ocean_menu_link_active_background":"","ocean_menu_social_links_bg":"","ocean_menu_social_hover_links_bg":"","ocean_menu_social_links_color":"","ocean_menu_social_hover_links_color":"","ocean_disable_title":"default","ocean_disable_heading":"default","ocean_post_title":"","ocean_post_subheading":"","ocean_post_title_style":"","ocean_post_title_background_color":"","ocean_post_title_background":0,"ocean_post_title_bg_image_position":"","ocean_post_title_bg_image_attachment":"","ocean_post_title_bg_image_repeat":"","ocean_post_title_bg_image_size":"","ocean_post_title_height":0,"ocean_post_title_bg_overlay":0.5,"ocean_post_title_bg_overlay_color":"","ocean_disable_breadcrumbs":"default","ocean_breadcrumbs_color":"","ocean_breadcrumbs_separator_color":"","ocean_breadcrumbs_links_color":"","ocean_breadcrumbs_links_hover_color":"","ocean_display_footer_widgets":"default","ocean_display_footer_bottom":"default","ocean_custom_footer_template":"0"},"product_brand":[],"product_cat":[21,15],"product_tag":[],"class_list":{"0":"post-707","1":"product","2":"type-product","3":"status-publish","4":"has-post-thumbnail","6":"product_cat-consumiveis-canon","7":"product_cat-sem-categoria","9":"entry","10":"has-media","12":"first","13":"outofstock","14":"shipping-taxable","15":"purchasable","16":"product-type-simple","17":"has-product-nav","18":"col","19":"span_1_of_5","20":"owp-content-center","21":"owp-thumbs-layout-horizontal","22":"owp-btn-normal","23":"owp-tabs-layout-horizontal","24":"has-no-thumbnails","26":"circle-sale"},"_links":{"self":[{"href":"https:\/\/lojaredeservicos.com.br\/index.php\/wp-json\/wp\/v2\/product\/707","targetHints":{"allow":["GET"]}}],"collection":[{"href":"https:\/\/lojaredeservicos.com.br\/index.php\/wp-json\/wp\/v2\/product"}],"about":[{"href":"https:\/\/lojaredeservicos.com.br\/index.php\/wp-json\/wp\/v2\/types\/product"}],"replies":[{"embeddable":true,"href":"https:\/\/lojaredeservicos.com.br\/index.php\/wp-json\/wp\/v2\/comments?post=707"}],"wp:featuredmedia":[{"embeddable":true,"href":"https:\/\/lojaredeservicos.com.br\/index.php\/wp-json\/wp\/v2\/media\/711"}],"wp:attachment":[{"href":"https:\/\/lojaredeservicos.com.br\/index.php\/wp-json\/wp\/v2\/media?parent=707"}],"wp:term":[{"taxonomy":"product_brand","embeddable":true,"href":"https:\/\/lojaredeservicos.com.br\/index.php\/wp-json\/wp\/v2\/product_brand?post=707"},{"taxonomy":"product_cat","embeddable":true,"href":"https:\/\/lojaredeservicos.com.br\/index.php\/wp-json\/wp\/v2\/product_cat?post=707"},{"taxonomy":"product_tag","embeddable":true,"href":"https:\/\/lojaredeservicos.com.br\/index.php\/wp-json\/wp\/v2\/product_tag?post=707"}],"curies":[{"name":"wp","href":"https:\/\/api.w.org\/{rel}","templated":true}]}}